{"id":44282,"date":"2025-04-08T17:27:06","date_gmt":"2025-04-08T15:27:06","guid":{"rendered":"https:\/\/ihr.cl\/?page_id=44282"},"modified":"2025-04-13T01:40:59","modified_gmt":"2025-04-12T23:40:59","slug":"sector-publico","status":"publish","type":"page","link":"https:\/\/ihr.cl\/?page_id=44282","title":{"rendered":"Sector Publico"},"content":{"rendered":"\t\t<div data-elementor-type=\"wp-page\" data-elementor-id=\"44282\" class=\"elementor elementor-44282\">\n\t\t\t\t\t\t<section class=\"elementor-section elementor-top-section elementor-element elementor-element-59e8ae50 elementor-section-full_width elementor-section-height-default elementor-section-height-default\" data-id=\"59e8ae50\" data-element_type=\"section\">\n\t\t\t\t\t\t<div class=\"elementor-container elementor-column-gap-no\">\n\t\t\t\t\t<div class=\"elementor-column elementor-col-100 elementor-top-column elementor-element elementor-element-6873c841\" data-id=\"6873c841\" data-element_type=\"column\">\n\t\t\t<div class=\"elementor-widget-wrap elementor-element-populated\">\n\t\t\t\t\t\t<div class=\"elementor-element elementor-element-25dc52b1 elementor-widget elementor-widget-rsportfolio\" data-id=\"25dc52b1\" data-element_type=\"widget\" data-widget_type=\"rsportfolio.default\">\n\t\t\t\t<div class=\"elementor-widget-container\">\n\t\t\t\t\t\t\t<div class=\"rs-portfolio-style3 rsaddon_pro_box\">\n\t\n\t\t\t<div class=\"grid\">\n\t\t\t\t<div class=\"row \">\n\n\t\t\t\t    \t\r\n\t<div class=\"col-lg-4 col-md-6 grid-item \">\r\n\t\t\t<div class=\"portfolio-item content-overlay\">\r\n\t\t\t\t                    <div class=\"portfolio-img\">\r\n                    \t<a href=\"https:\/\/ihr.cl\/?portfolios=mejoramiento-de-reciento-estacion\"><img fetchpriority=\"high\" decoding=\"async\" width=\"560\" height=\"590\" src=\"https:\/\/ihr.cl\/wp-content\/uploads\/\/2025\/04\/16.jpg\" class=\"attachment-large size-large wp-post-image\" alt=\"\" srcset=\"https:\/\/ihr.cl\/wp-content\/uploads\/2025\/04\/16.jpg 560w, https:\/\/ihr.cl\/wp-content\/uploads\/2025\/04\/16-285x300.jpg 285w\" sizes=\"(max-width: 560px) 100vw, 560px\" \/><\/a>\r\n                    <\/div>\r\n                                <div class=\"portfolio-content\">\r\n                    <div class=\"portfolio-inner\">\r\n                        \t                        \t\t<h4 class=\"p-title\"><a href=\"https:\/\/ihr.cl\/?portfolios=mejoramiento-de-reciento-estacion\">Mejoramiento de reciento estaci\u00f3n &#8211; 2023<\/a><\/h4>\r\n                        \t                        \t<p class=\"p-category\"> <a href=\"https:\/\/ihr.cl\/?portfolio-category=sector-publico\" rel=\"tag\">Sector P\u00fablico<\/a><\/p>\r\n                    <\/div>\r\n                <\/div>\r\n            <\/div>\r\n\t\t<\/div>\r\n\t\t\r\n\t<div class=\"col-lg-4 col-md-6 grid-item \">\r\n\t\t\t<div class=\"portfolio-item content-overlay\">\r\n\t\t\t\t                    <div class=\"portfolio-img\">\r\n                    \t<a href=\"https:\/\/ihr.cl\/?portfolios=mejoramiento-de-museo-municipal-de-ciencias-y-arqueologia\"><img decoding=\"async\" width=\"560\" height=\"590\" src=\"https:\/\/ihr.cl\/wp-content\/uploads\/\/2025\/04\/17.jpg\" class=\"attachment-large size-large wp-post-image\" alt=\"\" srcset=\"https:\/\/ihr.cl\/wp-content\/uploads\/2025\/04\/17.jpg 560w, https:\/\/ihr.cl\/wp-content\/uploads\/2025\/04\/17-285x300.jpg 285w\" sizes=\"(max-width: 560px) 100vw, 560px\" \/><\/a>\r\n                    <\/div>\r\n                                <div class=\"portfolio-content\">\r\n                    <div class=\"portfolio-inner\">\r\n                        \t                        \t\t<h4 class=\"p-title\"><a href=\"https:\/\/ihr.cl\/?portfolios=mejoramiento-de-museo-municipal-de-ciencias-y-arqueologia\">Mejoramiento de museo municipal de ciencias y arqueolog\u00eda &#8211; 2023<\/a><\/h4>\r\n                        \t                        \t<p class=\"p-category\"> <a href=\"https:\/\/ihr.cl\/?portfolio-category=sector-publico\" rel=\"tag\">Sector P\u00fablico<\/a><\/p>\r\n                    <\/div>\r\n                <\/div>\r\n            <\/div>\r\n\t\t<\/div>\r\n\t\t\r\n\t<div class=\"col-lg-4 col-md-6 grid-item \">\r\n\t\t\t<div class=\"portfolio-item content-overlay\">\r\n\t\t\t\t                    <div class=\"portfolio-img\">\r\n                    \t<a href=\"https:\/\/ihr.cl\/?portfolios=instalacion-de-salas-multiproposito-municipal\"><img decoding=\"async\" width=\"560\" height=\"590\" src=\"https:\/\/ihr.cl\/wp-content\/uploads\/\/2025\/04\/19.jpg\" class=\"attachment-large size-large wp-post-image\" alt=\"\" srcset=\"https:\/\/ihr.cl\/wp-content\/uploads\/2025\/04\/19.jpg 560w, https:\/\/ihr.cl\/wp-content\/uploads\/2025\/04\/19-285x300.jpg 285w\" sizes=\"(max-width: 560px) 100vw, 560px\" \/><\/a>\r\n                    <\/div>\r\n                                <div class=\"portfolio-content\">\r\n                    <div class=\"portfolio-inner\">\r\n                        \t                        \t\t<h4 class=\"p-title\"><a href=\"https:\/\/ihr.cl\/?portfolios=instalacion-de-salas-multiproposito-municipal\">Instalaci\u00f3n de salas multiprop\u00f3sito municipal &#8211; 2022<\/a><\/h4>\r\n                        \t                        \t<p class=\"p-category\"> <a href=\"https:\/\/ihr.cl\/?portfolio-category=sector-publico\" rel=\"tag\">Sector P\u00fablico<\/a><\/p>\r\n                    <\/div>\r\n                <\/div>\r\n            <\/div>\r\n\t\t<\/div>\r\n\t\t\t\t\t<\/div>\n\t\t\t<\/div>\n\t\t<\/div>\n\t\n\t\t\t\t\t<\/div>\n\t\t\t\t<\/div>\n\t\t\t\t\t<\/div>\n\t\t<\/div>\n\t\t\t\t\t<\/div>\n\t\t<\/section>\n\t\t\t\t<\/div>\n\t\t","protected":false},"excerpt":{"rendered":"<p>Municipalidad de San Antonio Sector P\u00fablico Municipalidad del Quisco Sector P\u00fablico Municipalidad de Llay -Llay Sector P\u00fablico<\/p>\n","protected":false},"author":1,"featured_media":0,"parent":0,"menu_order":0,"comment_status":"closed","ping_status":"closed","template":"","meta":{"footnotes":""},"class_list":["post-44282","page","type-page","status-publish","hentry"],"_links":{"self":[{"href":"https:\/\/ihr.cl\/index.php?rest_route=\/wp\/v2\/pages\/44282","targetHints":{"allow":["GET"]}}],"collection":[{"href":"https:\/\/ihr.cl\/index.php?rest_route=\/wp\/v2\/pages"}],"about":[{"href":"https:\/\/ihr.cl\/index.php?rest_route=\/wp\/v2\/types\/page"}],"author":[{"embeddable":true,"href":"https:\/\/ihr.cl\/index.php?rest_route=\/wp\/v2\/users\/1"}],"replies":[{"embeddable":true,"href":"https:\/\/ihr.cl\/index.php?rest_route=%2Fwp%2Fv2%2Fcomments&post=44282"}],"version-history":[{"count":7,"href":"https:\/\/ihr.cl\/index.php?rest_route=\/wp\/v2\/pages\/44282\/revisions"}],"predecessor-version":[{"id":44289,"href":"https:\/\/ihr.cl\/index.php?rest_route=\/wp\/v2\/pages\/44282\/revisions\/44289"}],"wp:attachment":[{"href":"https:\/\/ihr.cl\/index.php?rest_route=%2Fwp%2Fv2%2Fmedia&parent=44282"}],"curies":[{"name":"wp","href":"https:\/\/api.w.org\/{rel}","templated":true}]}}